{"id":1710,"date":"2021-11-21T15:14:19","date_gmt":"2021-11-21T14:14:19","guid":{"rendered":"https:\/\/mjmintegral.com\/index.php\/about\/"},"modified":"2023-06-27T14:48:11","modified_gmt":"2023-06-27T12:48:11","slug":"produkty","status":"publish","type":"page","link":"https:\/\/mjmintegral.com\/index.php\/produkty\/","title":{"rendered":"Produkty"},"content":{"rendered":"\t\t<div data-elementor-type=\"wp-page\" data-elementor-id=\"1710\" class=\"elementor elementor-1710\">\n\t\t\t\t\t\t<section class=\"elementor-section elementor-top-section elementor-element elementor-element-460970c elementor-section-boxed elementor-section-height-default elementor-section-height-default\" data-id=\"460970c\" data-element_type=\"section\">\n\t\t\t\t\t\t<div class=\"elementor-container elementor-column-gap-no\">\n\t\t\t\t\t<div class=\"elementor-column elementor-col-50 elementor-top-column elementor-element elementor-element-21f68a6\" data-id=\"21f68a6\" data-element_type=\"column\">\n\t\t\t<div class=\"elementor-widget-wrap elementor-element-populated\">\n\t\t\t\t\t\t<div class=\"elementor-element elementor-element-54e1521 elementor-widget elementor-widget-e_image_hover_effects\" data-id=\"54e1521\" data-element_type=\"widget\" data-widget_type=\"e_image_hover_effects.default\">\n\t\t\t\t<div class=\"elementor-widget-container\">\n\t\t\t\t\t\t\t\t<div class=\"eihe-box eihe-fade-in-up eihe_\">\n\t\t\t\t<img fetchpriority=\"high\" decoding=\"async\" width=\"1024\" height=\"1024\" src=\"https:\/\/mjmintegral.com\/wp-content\/uploads\/2023\/06\/IMG-20230331-WA0021.jpg\" class=\"attachment-large size-large wp-image-3427\" alt=\"\" srcset=\"https:\/\/mjmintegral.com\/wp-content\/uploads\/2023\/06\/IMG-20230331-WA0021.jpg 1024w, https:\/\/mjmintegral.com\/wp-content\/uploads\/2023\/06\/IMG-20230331-WA0021-300x300.jpg 300w, https:\/\/mjmintegral.com\/wp-content\/uploads\/2023\/06\/IMG-20230331-WA0021-100x100.jpg 100w, https:\/\/mjmintegral.com\/wp-content\/uploads\/2023\/06\/IMG-20230331-WA0021-600x600.jpg 600w, https:\/\/mjmintegral.com\/wp-content\/uploads\/2023\/06\/IMG-20230331-WA0021-150x150.jpg 150w, https:\/\/mjmintegral.com\/wp-content\/uploads\/2023\/06\/IMG-20230331-WA0021-768x768.jpg 768w\" sizes=\"(max-width: 1024px) 100vw, 1024px\" \/>\t\t\t\t<div class=\"eihe-caption\">\n\t\t\t\t\t<div class=\"eihe-title-cover\">\n\t\t\t\t\t\t\t\t\t\t\t\t<h3 class=\"eihe-title\">Uchwyt wej\u015bciowy <\/h3>\n\t\t\t\t\t\t\t\t\t\t\t<\/div>\n\t\t\t\t\t<p><\/p>\n\t\t\t\t<\/div>\n\t\t\t<\/div>\n\t\t\t\t\t\t<\/div>\n\t\t\t\t<\/div>\n\t\t\t\t\t<\/div>\n\t\t<\/div>\n\t\t\t\t<div class=\"elementor-column elementor-col-50 elementor-top-column elementor-element elementor-element-bc42c60\" data-id=\"bc42c60\" data-element_type=\"column\">\n\t\t\t<div class=\"elementor-widget-wrap elementor-element-populated\">\n\t\t\t\t\t\t<div class=\"elementor-element elementor-element-04162fe elementor-widget elementor-widget-e_image_hover_effects\" data-id=\"04162fe\" data-element_type=\"widget\" data-widget_type=\"e_image_hover_effects.default\">\n\t\t\t\t<div class=\"elementor-widget-container\">\n\t\t\t\t\t\t\t\t<div class=\"eihe-box eihe-fade-in-up eihe_\">\n\t\t\t\t<img decoding=\"async\" width=\"900\" height=\"897\" src=\"https:\/\/mjmintegral.com\/wp-content\/uploads\/2023\/06\/IMG-20230327-WA0052-e1687860029915.jpg\" class=\"attachment-large size-large wp-image-3426\" alt=\"\" srcset=\"https:\/\/mjmintegral.com\/wp-content\/uploads\/2023\/06\/IMG-20230327-WA0052-e1687860029915.jpg 900w, https:\/\/mjmintegral.com\/wp-content\/uploads\/2023\/06\/IMG-20230327-WA0052-e1687860029915-300x300.jpg 300w, https:\/\/mjmintegral.com\/wp-content\/uploads\/2023\/06\/IMG-20230327-WA0052-e1687860029915-150x150.jpg 150w, https:\/\/mjmintegral.com\/wp-content\/uploads\/2023\/06\/IMG-20230327-WA0052-e1687860029915-768x765.jpg 768w\" sizes=\"(max-width: 900px) 100vw, 900px\" \/>\t\t\t\t<div class=\"eihe-caption\">\n\t\t\t\t\t<div class=\"eihe-title-cover\">\n\t\t\t\t\t\t\t\t\t\t\t\t<h3 class=\"eihe-title\">Naro\u017cnik bezpiecze\u0144stwa<\/h3>\n\t\t\t\t\t\t\t\t\t\t\t<\/div>\n\t\t\t\t\t<p><\/p>\n\t\t\t\t<\/div>\n\t\t\t<\/div>\n\t\t\t\t\t\t<\/div>\n\t\t\t\t<\/div>\n\t\t\t\t\t<\/div>\n\t\t<\/div>\n\t\t\t\t\t<\/div>\n\t\t<\/section>\n\t\t\t\t<section class=\"elementor-section elementor-top-section elementor-element elementor-element-4fcb32c elementor-section-boxed elementor-section-height-default elementor-section-height-default\" data-id=\"4fcb32c\" data-element_type=\"section\">\n\t\t\t\t\t\t<div class=\"elementor-container elementor-column-gap-no\">\n\t\t\t\t\t<div class=\"elementor-column elementor-col-50 elementor-top-column elementor-element elementor-element-3719dd8\" data-id=\"3719dd8\" data-element_type=\"column\">\n\t\t\t<div class=\"elementor-widget-wrap elementor-element-populated\">\n\t\t\t\t\t\t<div class=\"elementor-element elementor-element-b0af48e elementor-widget elementor-widget-e_image_hover_effects\" data-id=\"b0af48e\" data-element_type=\"widget\" data-widget_type=\"e_image_hover_effects.default\">\n\t\t\t\t<div class=\"elementor-widget-container\">\n\t\t\t\t\t\t\t\t<div class=\"eihe-box eihe-fade-in-up eihe_\">\n\t\t\t\t<img decoding=\"async\" width=\"1024\" height=\"1024\" src=\"https:\/\/mjmintegral.com\/wp-content\/uploads\/2023\/06\/20230327_141508.jpg\" class=\"attachment-full size-full wp-image-3424\" alt=\"\" srcset=\"https:\/\/mjmintegral.com\/wp-content\/uploads\/2023\/06\/20230327_141508.jpg 1024w, https:\/\/mjmintegral.com\/wp-content\/uploads\/2023\/06\/20230327_141508-300x300.jpg 300w, https:\/\/mjmintegral.com\/wp-content\/uploads\/2023\/06\/20230327_141508-100x100.jpg 100w, https:\/\/mjmintegral.com\/wp-content\/uploads\/2023\/06\/20230327_141508-600x600.jpg 600w, https:\/\/mjmintegral.com\/wp-content\/uploads\/2023\/06\/20230327_141508-150x150.jpg 150w, https:\/\/mjmintegral.com\/wp-content\/uploads\/2023\/06\/20230327_141508-768x768.jpg 768w\" sizes=\"(max-width: 1024px) 100vw, 1024px\" \/>\t\t\t\t<div class=\"eihe-caption\">\n\t\t\t\t\t<div class=\"eihe-title-cover\">\n\t\t\t\t\t\t\t\t\t\t\t\t<h3 class=\"eihe-title\">Inne<\/h3>\n\t\t\t\t\t\t\t\t\t\t\t<\/div>\n\t\t\t\t\t<p><\/p>\n\t\t\t\t<\/div>\n\t\t\t<\/div>\n\t\t\t\t\t\t<\/div>\n\t\t\t\t<\/div>\n\t\t\t\t\t<\/div>\n\t\t<\/div>\n\t\t\t\t<div class=\"elementor-column elementor-col-50 elementor-top-column elementor-element elementor-element-d0938fd\" data-id=\"d0938fd\" data-element_type=\"column\">\n\t\t\t<div class=\"elementor-widget-wrap elementor-element-populated\">\n\t\t\t\t\t\t<div class=\"elementor-element elementor-element-7a69266 elementor-widget elementor-widget-e_image_hover_effects\" data-id=\"7a69266\" data-element_type=\"widget\" data-widget_type=\"e_image_hover_effects.default\">\n\t\t\t\t<div class=\"elementor-widget-container\">\n\t\t\t\t\t\t\t\t<div class=\"eihe-box eihe-fade-in-up eihe_\">\n\t\t\t\t<img loading=\"lazy\" decoding=\"async\" width=\"1024\" height=\"1024\" src=\"https:\/\/mjmintegral.com\/wp-content\/uploads\/2023\/06\/IMG-20230327-WA0042.jpg\" class=\"attachment-large size-large wp-image-3425\" alt=\"\" srcset=\"https:\/\/mjmintegral.com\/wp-content\/uploads\/2023\/06\/IMG-20230327-WA0042.jpg 1024w, https:\/\/mjmintegral.com\/wp-content\/uploads\/2023\/06\/IMG-20230327-WA0042-300x300.jpg 300w, https:\/\/mjmintegral.com\/wp-content\/uploads\/2023\/06\/IMG-20230327-WA0042-100x100.jpg 100w, https:\/\/mjmintegral.com\/wp-content\/uploads\/2023\/06\/IMG-20230327-WA0042-600x600.jpg 600w, https:\/\/mjmintegral.com\/wp-content\/uploads\/2023\/06\/IMG-20230327-WA0042-150x150.jpg 150w, https:\/\/mjmintegral.com\/wp-content\/uploads\/2023\/06\/IMG-20230327-WA0042-768x768.jpg 768w\" sizes=\"(max-width: 1024px) 100vw, 1024px\" \/>\t\t\t\t<div class=\"eihe-caption\">\n\t\t\t\t\t<div class=\"eihe-title-cover\">\n\t\t\t\t\t\t\t\t\t\t\t\t<h3 class=\"eihe-title\">Kierownice<\/h3>\n\t\t\t\t\t\t\t\t\t\t\t<\/div>\n\t\t\t\t\t<p><\/p>\n\t\t\t\t<\/div>\n\t\t\t<\/div>\n\t\t\t\t\t\t<\/div>\n\t\t\t\t<\/div>\n\t\t\t\t\t<\/div>\n\t\t<\/div>\n\t\t\t\t\t<\/div>\n\t\t<\/section>\n\t\t\t\t<section class=\"elementor-section elementor-top-section elementor-element elementor-element-5ad6c37 elementor-section-content-middle elementor-section-boxed elementor-section-height-default elementor-section-height-default\" data-id=\"5ad6c37\" data-element_type=\"section\" data-settings=\"{&quot;background_background&quot;:&quot;classic&quot;}\">\n\t\t\t\t\t\t<div class=\"elementor-container elementor-column-gap-default\">\n\t\t\t\t\t<div class=\"elementor-column elementor-col-100 elementor-top-column elementor-element elementor-element-7e7f989 elementor-invisible\" data-id=\"7e7f989\" data-element_type=\"column\" data-settings=\"{&quot;animation&quot;:&quot;zoomIn&quot;}\">\n\t\t\t<div class=\"elementor-widget-wrap elementor-element-populated\">\n\t\t\t\t\t\t<div class=\"elementor-element elementor-element-ff8b85b elementor-widget elementor-widget-heading\" data-id=\"ff8b85b\" data-element_type=\"widget\" data-widget_type=\"heading.default\">\n\t\t\t\t<div class=\"elementor-widget-container\">\n\t\t\t\t\t<h2 class=\"elementor-heading-title elementor-size-default\">DOWIEDZ SI\u0118 WI\u0118CEJ<\/h2>\t\t\t\t<\/div>\n\t\t\t\t<\/div>\n\t\t\t\t<div class=\"elementor-element elementor-element-b9f37c7 elementor-widget elementor-widget-text-editor\" data-id=\"b9f37c7\" data-element_type=\"widget\" data-widget_type=\"text-editor.default\">\n\t\t\t\t<div class=\"elementor-widget-container\">\n\t\t\t\t\t\t\t\t\t<p>Masz pytania? Jeste\u015bmy zawsze otwarci na rozmow\u0119 o Twoim biznesie, nowych projektach, kreatywnych mo\u017cliwo\u015bciach i tym, jak mo\u017cemy Ci pom\u00f3c.<\/p>\t\t\t\t\t\t\t\t<\/div>\n\t\t\t\t<\/div>\n\t\t\t\t<div class=\"elementor-element elementor-element-a42e6dc elementor-align-center elementor-widget elementor-widget-button\" data-id=\"a42e6dc\" data-element_type=\"widget\" data-widget_type=\"button.default\">\n\t\t\t\t<div class=\"elementor-widget-container\">\n\t\t\t\t\t\t\t\t\t<div class=\"elementor-button-wrapper\">\n\t\t\t\t\t<a class=\"elementor-button elementor-button-link elementor-size-sm\" href=\"https:\/\/mjmintegral.com\/index.php\/kontakt\/#menuu\">\n\t\t\t\t\t\t<span class=\"elementor-button-content-wrapper\">\n\t\t\t\t\t\t\t\t\t<span class=\"elementor-button-text\">Kontakt<\/span>\n\t\t\t\t\t<\/span>\n\t\t\t\t\t<\/a>\n\t\t\t\t<\/div>\n\t\t\t\t\t\t\t\t<\/div>\n\t\t\t\t<\/div>\n\t\t\t\t\t<\/div>\n\t\t<\/div>\n\t\t\t\t\t<\/div>\n\t\t<\/section>\n\t\t\t\t<\/div>\n\t\t","protected":false},"excerpt":{"rendered":"<p>Uchwyt wej\u015bciowy Naro\u017cnik bezpiecze\u0144stwa Inne Kierownice DOWIEDZ SI\u0118 WI\u0118CEJ Masz pytania? Jeste\u015bmy zawsze otwarci na rozmow\u0119 o Twoim biznesie, nowych projektach, kreatywnych mo\u017cliwo\u015bciach i tym, jak mo\u017cemy Ci pom\u00f3c. Kontakt<\/p>\n","protected":false},"author":1,"featured_media":0,"parent":0,"menu_order":0,"comment_status":"closed","ping_status":"closed","template":"","meta":{"_eb_attr":"","_uag_custom_page_level_css":"","site-sidebar-layout":"no-sidebar","site-content-layout":"page-builder","ast-site-content-layout":"default","site-content-style":"default","site-sidebar-style":"default","ast-global-header-display":"","ast-banner-title-visibility":"","ast-main-header-display":"","ast-hfb-above-header-display":"","ast-hfb-below-header-display":"","ast-hfb-mobile-header-display":"","site-post-title":"disabled","ast-breadcrumbs-content":"","ast-featured-img":"disabled","footer-sml-layout":"","ast-disable-related-posts":"","theme-transparent-header-meta":"enabled","adv-header-id-meta":"","stick-header-meta":"","header-above-stick-meta":"","header-main-stick-meta":"","header-below-stick-meta":"","astra-migrate-meta-layouts":"default","ast-page-background-enabled":"default","ast-page-background-meta":{"desktop":{"background-color":"var(--ast-global-color-4)","background-image":"","background-repeat":"repeat","background-position":"center center","background-size":"auto","background-attachment":"scroll","background-type":"","background-media":"","overlay-type":"","overlay-color":"","overlay-opacity":"","overlay-gradient":""},"tablet":{"background-color":"","background-image":"","background-repeat":"repeat","background-position":"center center","background-size":"auto","background-attachment":"scroll","background-type":"","background-media":"","overlay-type":"","overlay-color":"","overlay-opacity":"","overlay-gradient":""},"mobile":{"background-color":"","background-image":"","background-repeat":"repeat","background-position":"center center","background-size":"auto","background-attachment":"scroll","background-type":"","background-media":"","overlay-type":"","overlay-color":"","overlay-opacity":"","overlay-gradient":""}},"ast-content-background-meta":{"desktop":{"background-color":"var(--ast-global-color-5)","background-image":"","background-repeat":"repeat","background-position":"center center","background-size":"auto","background-attachment":"scroll","background-type":"","background-media":"","overlay-type":"","overlay-color":"","overlay-opacity":"","overlay-gradient":""},"tablet":{"background-color":"var(--ast-global-color-5)","background-image":"","background-repeat":"repeat","background-position":"center center","background-size":"auto","background-attachment":"scroll","background-type":"","background-media":"","overlay-type":"","overlay-color":"","overlay-opacity":"","overlay-gradient":""},"mobile":{"background-color":"var(--ast-global-color-5)","background-image":"","background-repeat":"repeat","background-position":"center center","background-size":"auto","background-attachment":"scroll","background-type":"","background-media":"","overlay-type":"","overlay-color":"","overlay-opacity":"","overlay-gradient":""}},"footnotes":""},"class_list":["post-1710","page","type-page","status-publish","hentry"],"uagb_featured_image_src":{"full":false,"thumbnail":false,"medium":false,"medium_large":false,"large":false,"1536x1536":false,"2048x2048":false},"uagb_author_info":{"display_name":"Katarzynamjm","author_link":"https:\/\/mjmintegral.com\/index.php\/author\/katarzynamjm\/"},"uagb_comment_info":0,"uagb_excerpt":"Uchwyt wej\u015bciowy Naro\u017cnik bezpiecze\u0144stwa Inne Kierownice DOWIEDZ SI\u0118 WI\u0118CEJ Masz pytania? Jeste\u015bmy zawsze otwarci na rozmow\u0119 o Twoim biznesie, nowych projektach, kreatywnych mo\u017cliwo\u015bciach i tym, jak mo\u017cemy Ci pom\u00f3c. Kontakt","_links":{"self":[{"href":"https:\/\/mjmintegral.com\/index.php\/wp-json\/wp\/v2\/pages\/1710","targetHints":{"allow":["GET"]}}],"collection":[{"href":"https:\/\/mjmintegral.com\/index.php\/wp-json\/wp\/v2\/pages"}],"about":[{"href":"https:\/\/mjmintegral.com\/index.php\/wp-json\/wp\/v2\/types\/page"}],"author":[{"embeddable":true,"href":"https:\/\/mjmintegral.com\/index.php\/wp-json\/wp\/v2\/users\/1"}],"replies":[{"embeddable":true,"href":"https:\/\/mjmintegral.com\/index.php\/wp-json\/wp\/v2\/comments?post=1710"}],"version-history":[{"count":81,"href":"https:\/\/mjmintegral.com\/index.php\/wp-json\/wp\/v2\/pages\/1710\/revisions"}],"predecessor-version":[{"id":3916,"href":"https:\/\/mjmintegral.com\/index.php\/wp-json\/wp\/v2\/pages\/1710\/revisions\/3916"}],"wp:attachment":[{"href":"https:\/\/mjmintegral.com\/index.php\/wp-json\/wp\/v2\/media?parent=1710"}],"curies":[{"name":"wp","href":"https:\/\/api.w.org\/{rel}","templated":true}]}}